{"id":3,"date":"2025-05-30T14:34:05","date_gmt":"2025-05-30T12:34:05","guid":{"rendered":"https:\/\/www.ciberlloret.cat\/?page_id=3"},"modified":"2025-06-16T13:39:22","modified_gmt":"2025-06-16T11:39:22","slug":"politica-privacidad","status":"publish","type":"page","link":"https:\/\/www.ciberlloret.cat\/index.php\/politica-privacidad\/","title":{"rendered":"Pol\u00edtica de privacidad"},"content":{"rendered":"\t\t<div data-elementor-type=\"wp-page\" data-elementor-id=\"3\" class=\"elementor elementor-3\">\n\t\t\t\t<div class=\"elementor-element elementor-element-f1b4365 e-flex e-con-boxed e-con e-parent\" data-id=\"f1b4365\" data-element_type=\"container\" data-e-type=\"container\">\n\t\t\t\t\t<div class=\"e-con-inner\">\n\t\t\t\t<div class=\"elementor-element elementor-element-45609e82 elementor-widget elementor-widget-text-editor\" data-id=\"45609e82\" data-element_type=\"widget\" data-e-type=\"widget\" data-widget_type=\"text-editor.default\">\n\t\t\t\t<div class=\"elementor-widget-container\">\n\t\t\t\t\t\t\t\t\t<p><\/p>\n<p><\/p>\n<h2 class=\"wp-block-heading\">Cookies<\/h2>\n<p><\/p>\n<p data-sourcepos=\"7:1-7:192\">En nuestro sitio web, empleamos <strong>cookies propias<\/strong>. Estas son peque\u00f1as piezas de informaci\u00f3n que nuestro propio dominio env\u00eda a tu navegador y se almacenan en tu dispositivo mientras navegas.<\/p>\n<p data-sourcepos=\"9:1-9:363\">El prop\u00f3sito principal de estas cookies es <strong>garantizar el correcto funcionamiento de la web<\/strong> y <strong>mejorar tu experiencia de usuario<\/strong>. Por ejemplo, nos permiten recordar tus preferencias (como el idioma o la regi\u00f3n).<\/p>\n<p data-sourcepos=\"11:1-11:274\">Las cookies propias son esenciales para que nuestro sitio web te ofrezca una navegaci\u00f3n fluida y personalizada, adapt\u00e1ndose a tus interacciones espec\u00edficas dentro de nuestro dominio. No se utilizan para rastrearte en otros sitios web ni para fines publicitarios de terceros.<\/p>\n<h3 data-start=\"233\" data-end=\"259\">Datos que recolectamos<\/h3>\n<p data-start=\"261\" data-end=\"514\">Cuando accedes a nuestro sitio web, recopilamos de forma autom\u00e1tica algunos datos t\u00e9cnicos b\u00e1sicos que <strong data-start=\"364\" data-end=\"399\">no te identifican personalmente<\/strong>. Esta informaci\u00f3n se utiliza \u00fanicamente para mejorar tu experiencia de navegaci\u00f3n. Los datos que recolectamos son:<\/p>\n<ul data-start=\"516\" data-end=\"1266\">\n<li data-start=\"516\" data-end=\"670\">\n<p data-start=\"518\" data-end=\"670\"><strong data-start=\"518\" data-end=\"540\">N\u00famero de visitas:<\/strong> Contamos cu\u00e1ntas personas visitan el sitio y qu\u00e9 p\u00e1ginas consultan, para saber qu\u00e9 contenido es m\u00e1s \u00fatil y mejorar continuamente.<\/p>\n<\/li>\n<li data-start=\"672\" data-end=\"879\">\n<p data-start=\"674\" data-end=\"879\"><strong data-start=\"674\" data-end=\"698\">Tipo de dispositivo:<\/strong> Identificamos si accedes desde un tel\u00e9fono, una computadora o una tableta. Esto nos permite adaptar el dise\u00f1o del sitio para que funcione correctamente en cada tipo de dispositivo.<\/p>\n<\/li>\n<li data-start=\"881\" data-end=\"1266\">\n<p data-start=\"883\" data-end=\"1118\"><strong data-start=\"883\" data-end=\"917\">Ubicaci\u00f3n (solo a nivel pa\u00eds):<\/strong>\u00a0Esta informaci\u00f3n se utiliza <strong data-start=\"1000\" data-end=\"1115\">exclusivamente para mostrar el contenido en el idioma m\u00e1s adecuado o adaptarlo a las caracter\u00edsticas de tu pa\u00eds<\/strong>.<\/p>\n<\/li>\n<\/ul>\n<p><\/p>\n<p><\/p>\n<h2 class=\"wp-block-heading\">Qu\u00e9 derechos tienes sobre tus datos<\/h2>\n<p><\/p>\n<p data-start=\"311\" data-end=\"460\">Como usuario de este sitio web, tienes derecho a mantener el control sobre tus datos personales. En concreto, puedes ejercer los siguientes derechos:<\/p>\n<ul data-start=\"462\" data-end=\"1653\">\n<li data-start=\"462\" data-end=\"564\">\n<p data-start=\"464\" data-end=\"564\"><strong data-start=\"464\" data-end=\"486\">Derecho de acceso:<\/strong> Puedes solicitar informaci\u00f3n sobre los datos personales que tenemos sobre ti.<\/p>\n<\/li>\n<li data-start=\"565\" data-end=\"690\">\n<p data-start=\"567\" data-end=\"690\"><strong data-start=\"567\" data-end=\"596\">Derecho de rectificaci\u00f3n:<\/strong> Puedes pedirnos que corrijamos o actualicemos tus datos si son inexactos o est\u00e1n incompletos.<\/p>\n<\/li>\n<li data-start=\"691\" data-end=\"871\">\n<p data-start=\"693\" data-end=\"871\"><strong data-start=\"693\" data-end=\"718\">Derecho de supresi\u00f3n:<\/strong> Puedes solicitar la eliminaci\u00f3n de tus datos cuando ya no sean necesarios para los fines con los que fueron recopilados, o si retiras tu consentimiento.<\/p>\n<\/li>\n<li data-start=\"872\" data-end=\"1066\">\n<p data-start=\"874\" data-end=\"1066\"><strong data-start=\"874\" data-end=\"918\">Derecho a la limitaci\u00f3n del tratamiento:<\/strong> Puedes pedir que limitemos el uso de tus datos en ciertas circunstancias, como mientras verificamos su exactitud o cuando te opones al tratamiento.<\/p>\n<\/li>\n<\/ul>\n<div>\u00a0<\/div>\n<div>Para ejercer cualquiera de estos derechos, puedes enviarnos una solicitud a trav\u00e9s del siguiente correo electr\u00f3nico: <strong data-start=\"1772\" data-end=\"1799\">[info@ciberlloret.cat]<\/strong>.<\/div>\n<div>\u00a0<\/div>\n<div>\u00a0<\/div>\n<p><\/p>\t\t\t\t\t\t\t\t<\/div>\n\t\t\t\t<\/div>\n\t\t\t\t\t<\/div>\n\t\t\t\t<\/div>\n\t\t\t\t<\/div>\n\t\t","protected":false},"excerpt":{"rendered":"<p>Cookies En nuestro sitio web, empleamos cookies propias. Estas son peque\u00f1as piezas de informaci\u00f3n que nuestro propio dominio env\u00eda a tu navegador y se almacenan en tu dispositivo mientras navegas. El prop\u00f3sito principal de estas cookies es garantizar el correcto funcionamiento de la web y mejorar tu experiencia de usuario. Por ejemplo, nos permiten recordar [&hellip;]<\/p>\n","protected":false},"author":1,"featured_media":0,"parent":0,"menu_order":0,"comment_status":"closed","ping_status":"open","template":"","meta":{"iawp_total_views":9,"footnotes":""},"class_list":["post-3","page","type-page","status-publish","hentry"],"blocksy_meta":[],"_links":{"self":[{"href":"https:\/\/www.ciberlloret.cat\/index.php\/wp-json\/wp\/v2\/pages\/3","targetHints":{"allow":["GET"]}}],"collection":[{"href":"https:\/\/www.ciberlloret.cat\/index.php\/wp-json\/wp\/v2\/pages"}],"about":[{"href":"https:\/\/www.ciberlloret.cat\/index.php\/wp-json\/wp\/v2\/types\/page"}],"author":[{"embeddable":true,"href":"https:\/\/www.ciberlloret.cat\/index.php\/wp-json\/wp\/v2\/users\/1"}],"replies":[{"embeddable":true,"href":"https:\/\/www.ciberlloret.cat\/index.php\/wp-json\/wp\/v2\/comments?post=3"}],"version-history":[{"count":7,"href":"https:\/\/www.ciberlloret.cat\/index.php\/wp-json\/wp\/v2\/pages\/3\/revisions"}],"predecessor-version":[{"id":1883,"href":"https:\/\/www.ciberlloret.cat\/index.php\/wp-json\/wp\/v2\/pages\/3\/revisions\/1883"}],"wp:attachment":[{"href":"https:\/\/www.ciberlloret.cat\/index.php\/wp-json\/wp\/v2\/media?parent=3"}],"curies":[{"name":"wp","href":"https:\/\/api.w.org\/{rel}","templated":true}]}}